{"id":1055,"date":"2026-02-09T13:15:52","date_gmt":"2026-02-09T12:15:52","guid":{"rendered":"https:\/\/seagardens.urbincasa.es\/rechtlicher-hinweis\/"},"modified":"2026-02-09T13:15:52","modified_gmt":"2026-02-09T12:15:52","slug":"rechtlicher-hinweis","status":"publish","type":"page","link":"https:\/\/seagardens.urbincasa.es\/de\/rechtlicher-hinweis\/","title":{"rendered":"Rechtlicher Hinweis"},"content":{"rendered":"<p data-start=\"141\" data-end=\"399\">Die auf dieser Website dargestellten Informationen (Infografiken und Pl\u00e4ne) dienen lediglich zur Orientierung und sind nicht vertraglich bindend. Der Inhalt kann ohne vorherige Ank\u00fcndigung ge\u00e4ndert werden, wenn technische Erfordernisse dies notwendig machen.<\/p>\n<p data-start=\"401\" data-end=\"417\"><strong data-start=\"401\" data-end=\"417\">URHEBERRECHT<\/strong><\/p>\n<p data-start=\"419\" data-end=\"946\">Der Quellcode, das grafische Design, Bilder, Fotografien, T\u00f6ne, Animationen, Software, Texte sowie die auf\u00a0<a class=\"\" href=\"http:\/\/www.urbincasa.es\/\" target=\"_new\" rel=\"noopener\" data-start=\"526\" data-end=\"550\">http:\/\/www.urbincasa.es\/<\/a>\u00a0enthaltenen Informationen und Inhalte sind durch die spanische Gesetzgebung zum Schutz geistigen und gewerblichen Eigentums zugunsten von URBINCASA gesch\u00fctzt. Eine vollst\u00e4ndige oder teilweise Reproduktion dieser Website, ihre digitale Verarbeitung, Verbreitung, Ver\u00f6ffentlichung, \u00c4nderung, Umwandlung oder Dekompilierung ist ohne vorherige schriftliche Genehmigung von URBINCASA nicht gestattet.<\/p>\n<p data-start=\"948\" data-end=\"1252\">Der Nutzer darf das auf diesem Portal erscheinende Material ausschlie\u00dflich f\u00fcr den pers\u00f6nlichen und privaten Gebrauch verwenden. Eine Nutzung zu kommerziellen Zwecken oder f\u00fcr illegale Aktivit\u00e4ten ist untersagt. Alle aus dem geistigen Eigentum abgeleiteten Rechte sind ausdr\u00fccklich URBINCASA vorbehalten.<\/p>\n<p data-start=\"1254\" data-end=\"1546\">URBINCASA wird die Einhaltung der vorgenannten Bedingungen sowie die ordnungsgem\u00e4\u00dfe Nutzung der auf dem Portal bereitgestellten Inhalte sicherstellen und im Falle eines Versto\u00dfes oder einer Nichterf\u00fcllung durch den Nutzer alle zivil- und strafrechtlichen Schritte einleiten, die ihr zustehen.<\/p>\n<p data-start=\"1548\" data-end=\"1565\"><strong data-start=\"1548\" data-end=\"1565\">VERSCHIEDENES<\/strong><\/p>\n<p data-start=\"1567\" data-end=\"2130\">URBINCASA haftet nicht f\u00fcr Sch\u00e4den oder Verluste, die entstehen k\u00f6nnten, noch f\u00fcr technische M\u00e4ngel jeglicher Art, die sich aus der Nutzung der auf dem Portal bereitgestellten Informationen und Materialien ergeben. Die Links und Hypertexte, die dem Nutzer eventuell den Zugang zu Dienstleistungen Dritter \u00fcber das Portal\u00a0<a class=\"\" href=\"http:\/\/www.urbincasa.es\/\" target=\"_new\" rel=\"noopener\" data-start=\"1888\" data-end=\"1912\">http:\/\/www.urbincasa.es\/<\/a>\u00a0erm\u00f6glichen, geh\u00f6ren nicht zu URBINCASA und unterliegen nicht ihrer Kontrolle; URBINCASA \u00fcbernimmt daher keine Verantwortung f\u00fcr die darin enthaltenen Informationen oder f\u00fcr eventuelle Folgen, die sich daraus ergeben.<\/p>\n<p data-start=\"2132\" data-end=\"2359\">URBINCASA \u00fcbernimmt keine Verantwortung f\u00fcr Verst\u00f6\u00dfe gegen geltende Vorschriften, die vom Nutzer beim Zugriff auf das Portal\u00a0<a class=\"\" href=\"http:\/\/www.urbincasa.es\/\" target=\"_new\" rel=\"noopener\" data-start=\"2257\" data-end=\"2281\">http:\/\/www.urbincasa.es\/<\/a>\u00a0und\/oder bei der Nutzung der darin enthaltenen Informationen begangen werden.<\/p>\n<p data-start=\"2361\" data-end=\"2547\">URBINCASA beh\u00e4lt sich das Recht vor, die auf dem Portal\u00a0<a class=\"\" href=\"http:\/\/www.urbincasa.es\/\" target=\"_new\" rel=\"noopener\" data-start=\"2417\" data-end=\"2441\">http:\/\/www.urbincasa.es\/<\/a>\u00a0enthaltenen Informationen sowie deren Konfiguration und Darstellung ohne vorherige Ank\u00fcndigung zu \u00e4ndern.<\/p>\n<p data-start=\"2549\" data-end=\"2974\">URBINCASA \u00fcbernimmt keine Verantwortung f\u00fcr die unrechtm\u00e4\u00dfige Verwendung von Markennamen, Produktnamen oder Handelsmarken, die m\u00f6glicherweise auf dem Portal\u00a0<a class=\"\" href=\"http:\/\/www.urbincasa.es\/\" target=\"_new\" rel=\"noopener\" data-start=\"2706\" data-end=\"2730\">http:\/\/www.urbincasa.es\/<\/a>\u00a0erscheinen, aber nicht Eigentum des Unternehmens sind. Ebenso wenig \u00fcbernimmt URBINCASA Verantwortung f\u00fcr die Integrit\u00e4t, Richtigkeit und Rechtm\u00e4\u00dfigkeit der Inhalte von Websites, die \u00fcber Links von\u00a0<a class=\"\" href=\"http:\/\/www.urbincasa.es\/\" target=\"_new\" rel=\"noopener\" data-start=\"2929\" data-end=\"2953\">http:\/\/www.urbincasa.es\/<\/a>\u00a0aus erreichbar sind.<\/p>\n<p data-start=\"2976\" data-end=\"3200\">URBINCASA haftet nicht f\u00fcr Computerviren jeglicher Art, die durch elektronische \u00dcbertragungen Dritter eingeschleust wurden, unabh\u00e4ngig davon, ob sie mit der Absicht erzeugt wurden, einem Computersystem zu schaden oder nicht.<\/p>\n<p data-start=\"3202\" data-end=\"3358\">Der Nutzer ist allein verantwortlich f\u00fcr die Nutzung der Dienste, Inhalte, Links und Hypertexte, die auf dem Portal\u00a0<a class=\"\" href=\"http:\/\/www.urbincasa.es\/\" target=\"_new\" rel=\"noopener\" data-start=\"3318\" data-end=\"3342\">http:\/\/www.urbincasa.es\/<\/a>\u00a0enthalten sind.<\/p>\n","protected":false},"excerpt":{"rendered":"<p>Die auf dieser Website dargestellten Informationen (Infografiken und Pl\u00e4ne) dienen lediglich zur Orientierung und sind nicht vertraglich bindend. Der Inhalt kann ohne vorherige Ank\u00fcndigung ge\u00e4ndert werden, wenn technische Erfordernisse dies notwendig machen. URHEBERRECHT Der Quellcode, das grafische Design, Bilder, Fotografien, T\u00f6ne, Animationen, Software, Texte sowie die auf\u00a0http:\/\/www.urbincasa.es\/\u00a0enthaltenen Informationen und Inhalte sind durch die spanische Gesetzgebung [&hellip;]<\/p>\n","protected":false},"author":2,"featured_media":0,"parent":0,"menu_order":0,"comment_status":"closed","ping_status":"closed","template":"","meta":{"footnotes":""},"class_list":["post-1055","page","type-page","status-publish","hentry"],"_links":{"self":[{"href":"https:\/\/seagardens.urbincasa.es\/de\/wp-json\/wp\/v2\/pages\/1055","targetHints":{"allow":["GET"]}}],"collection":[{"href":"https:\/\/seagardens.urbincasa.es\/de\/wp-json\/wp\/v2\/pages"}],"about":[{"href":"https:\/\/seagardens.urbincasa.es\/de\/wp-json\/wp\/v2\/types\/page"}],"author":[{"embeddable":true,"href":"https:\/\/seagardens.urbincasa.es\/de\/wp-json\/wp\/v2\/users\/2"}],"replies":[{"embeddable":true,"href":"https:\/\/seagardens.urbincasa.es\/de\/wp-json\/wp\/v2\/comments?post=1055"}],"version-history":[{"count":0,"href":"https:\/\/seagardens.urbincasa.es\/de\/wp-json\/wp\/v2\/pages\/1055\/revisions"}],"wp:attachment":[{"href":"https:\/\/seagardens.urbincasa.es\/de\/wp-json\/wp\/v2\/media?parent=1055"}],"curies":[{"name":"wp","href":"https:\/\/api.w.org\/{rel}","templated":true}]}}