{"id":1056,"date":"2026-02-09T13:17:04","date_gmt":"2026-02-09T12:17:04","guid":{"rendered":"https:\/\/seagardens.urbincasa.es\/cookie-richtlinie\/"},"modified":"2026-02-09T13:17:04","modified_gmt":"2026-02-09T12:17:04","slug":"cookie-richtlinie","status":"publish","type":"page","link":"https:\/\/seagardens.urbincasa.es\/de\/cookie-richtlinie\/","title":{"rendered":"Cookie-Richtlinie"},"content":{"rendered":"<p data-start=\"157\" data-end=\"884\">Ein Cookie ist eine Datei, die auf Ihren Computer heruntergeladen wird, wenn Sie bestimmte Webseiten besuchen. Cookies erm\u00f6glichen es einer Website unter anderem, Informationen \u00fcber das Surfverhalten eines Benutzers oder seines Ger\u00e4ts zu speichern und abzurufen. Je nach den enthaltenen Informationen und der Art der Nutzung k\u00f6nnen sie verwendet werden, um den Benutzer wiederzuerkennen. Der Browser des Benutzers speichert Cookies auf der Festplatte nur w\u00e4hrend der aktuellen Sitzung, wobei sie nur minimalen Speicherplatz beanspruchen und dem Computer nicht schaden. Cookies enthalten keine spezifischen personenbezogenen Daten, und die meisten werden nach Beendigung der Browsersitzung gel\u00f6scht (sogenannte Sitzungscookies).<\/p>\n<p data-start=\"886\" data-end=\"1070\">Die meisten Browser akzeptieren Cookies standardm\u00e4\u00dfig und erlauben es dem Benutzer, \u00fcber die Sicherheitseinstellungen tempor\u00e4re oder gespeicherte Cookies zuzulassen oder zu blockieren.<\/p>\n<p data-start=\"1072\" data-end=\"1311\">Ohne Ihre ausdr\u00fcckliche Zustimmung \u2013 durch Aktivierung der Cookies in Ihrem Browser \u2013 wird Urbincasa.com die in den Cookies gespeicherten Daten nicht mit Ihren bei der Registrierung oder beim Kauf angegebenen pers\u00f6nlichen Daten verkn\u00fcpfen.<\/p>\n<p data-start=\"1313\" data-end=\"1366\"><strong data-start=\"1313\" data-end=\"1366\">Welche Arten von Cookies verwendet diese Website?<\/strong><\/p>\n<p data-start=\"1368\" data-end=\"1977\">\u2013\u00a0<strong data-start=\"1370\" data-end=\"1393\">Technische Cookies:<\/strong><br data-start=\"1393\" data-end=\"1396\" \/>Diese erm\u00f6glichen dem Benutzer das Navigieren auf einer Website, Plattform oder Anwendung sowie die Nutzung verschiedener Optionen oder Dienste, wie z.\u202fB. die Steuerung des Datenverkehrs und der Datenkommunikation, die Sitzungsidentifikation, den Zugang zu gesch\u00fctzten Bereichen, das Merken von Elementen eines Warenkorbs, die Abwicklung eines Bestellvorgangs, die Registrierung oder Teilnahme an Veranstaltungen, die Nutzung von Sicherheitselementen w\u00e4hrend des Surfens, das Speichern von Inhalten zur Video- oder Tonwiedergabe oder das Teilen von Inhalten \u00fcber soziale Netzwerke.<\/p>\n<p data-start=\"1979\" data-end=\"2234\">\u2013\u00a0<strong data-start=\"1981\" data-end=\"2011\">Personalisierungs-Cookies:<\/strong><br data-start=\"2011\" data-end=\"2014\" \/>Diese erm\u00f6glichen dem Benutzer den Zugang zum Dienst mit vordefinierten allgemeinen Merkmalen, basierend auf einer Reihe von Kriterien auf dem Ger\u00e4t des Benutzers, wie z.\u202fB. Sprache, Browsertyp, Regionseinstellungen usw.<\/p>\n<p data-start=\"2236\" data-end=\"2548\">\u2013\u00a0<strong data-start=\"2238\" data-end=\"2258\">Analyse-Cookies:<\/strong><br data-start=\"2258\" data-end=\"2261\" \/>Diese Cookies werden entweder von uns oder von Dritten verwendet, um die Anzahl der Nutzer zu erfassen und die Nutzung des angebotenen Dienstes statistisch auszuwerten. Ihre Navigation auf unserer Website wird analysiert, um unser Angebot an Produkten und Dienstleistungen zu verbessern.<\/p>\n<p data-start=\"2550\" data-end=\"2580\"><strong data-start=\"2550\" data-end=\"2580\">Cookies von Drittanbietern<\/strong><\/p>\n<p data-start=\"2582\" data-end=\"2873\">Die Website Urbincasa.com kann Dienste von Drittanbietern nutzen, die im Auftrag von Urbincasa.com Informationen zu statistischen Zwecken, zur Nutzung der Website durch die Nutzer und zur Bereitstellung anderer mit der Website-Aktivit\u00e4t und dem Internet verbundenen Dienstleistungen erheben.<\/p>\n<p data-start=\"2875\" data-end=\"2918\"><strong data-start=\"2875\" data-end=\"2918\">Technische und personalisierte Cookies:<\/strong><\/p>\n<p data-start=\"2920\" data-end=\"3255\"><strong data-start=\"2920\" data-end=\"2932\">AddThis:<\/strong><br data-start=\"2932\" data-end=\"2935\" \/>Ein Dienst, der es erm\u00f6glicht, Inhalte von Urbincasa.com \u00fcber Schaltfl\u00e4chen in sozialen Netzwerken zu teilen. Dieser Dienst verwendet technische Cookies f\u00fcr die Funktionalit\u00e4t und personalisierte Cookies, um die Einstellungen des Benutzers zu speichern.<br data-start=\"3188\" data-end=\"3191\" \/><a class=\"\" href=\"http:\/\/www.addthis.com\/privacy\" target=\"_new\" rel=\"noopener\" data-start=\"3191\" data-end=\"3255\">http:\/\/www.addthis.com\/privacy<\/a><\/p>\n<p data-start=\"3257\" data-end=\"3564\"><strong data-start=\"3257\" data-end=\"3267\">Olark:<\/strong><br data-start=\"3267\" data-end=\"3270\" \/>Ein Online-Chat-Dienst, der es Benutzern erm\u00f6glicht, \u00fcber die Website Anfragen zu stellen. Dieser Dienst verwendet technische Cookies f\u00fcr die Funktionalit\u00e4t und personalisierte Cookies zur Speicherung von Benutzereinstellungen.<br data-start=\"3497\" data-end=\"3500\" \/><a class=\"\" href=\"http:\/\/www.olark.com\/pages\/tos\" target=\"_new\" rel=\"noopener\" data-start=\"3500\" data-end=\"3564\">http:\/\/www.olark.com\/pages\/tos<\/a><\/p>\n<p data-start=\"3566\" data-end=\"3835\"><strong data-start=\"3566\" data-end=\"3579\">Facebook:<\/strong><br data-start=\"3579\" data-end=\"3582\" \/>Urbincasa.com verwendet verschiedene Facebook-Dienste wie die \u201eLike-Box\u201c, den \u201eLike-Button\u201c und das Kommentarsystem, die technische und personalisierte Cookies verwenden.<br data-start=\"3752\" data-end=\"3755\" \/><a class=\"\" href=\"http:\/\/es-es.facebook.com\/help\/cookies\" target=\"_new\" rel=\"noopener\" data-start=\"3755\" data-end=\"3835\">http:\/\/es-es.facebook.com\/help\/cookies<\/a><\/p>\n<p data-start=\"3837\" data-end=\"4106\"><strong data-start=\"3837\" data-end=\"3849\">YouTube:<\/strong><br data-start=\"3849\" data-end=\"3852\" \/>Auf der Website werden YouTube-Videos eingebunden, die technische und personalisierte Cookies f\u00fcr ihre ordnungsgem\u00e4\u00dfe Funktion verwenden.<br data-start=\"3989\" data-end=\"3992\" \/><a class=\"cursor-pointer\" target=\"_new\" rel=\"noopener\" data-start=\"3992\" data-end=\"4106\">https:\/\/support.google.com\/youtube\/answer\/2407785?hl=de<\/a><\/p>\n<p data-start=\"4108\" data-end=\"4127\"><strong data-start=\"4108\" data-end=\"4127\">Analyse-Cookies<\/strong><\/p>\n<p data-start=\"4129\" data-end=\"4712\">Diese Website nutzt Google Analytics, einen Webanalysedienst der Google Inc., mit Hauptsitz in 1600 Amphitheatre Parkway, Mountain View, Kalifornien 94043, USA. F\u00fcr die Bereitstellung dieser Dienste verwenden sie Cookies, die Informationen, einschlie\u00dflich der IP-Adresse des Nutzers, erfassen, welche von Google gem\u00e4\u00df den auf Google.com festgelegten Bedingungen \u00fcbertragen, verarbeitet und gespeichert werden. Dazu geh\u00f6rt auch die m\u00f6gliche Weitergabe dieser Informationen an Dritte aus gesetzlichen Gr\u00fcnden oder wenn diese Dritten die Informationen im Auftrag von Google verarbeiten.<\/p>\n<p data-start=\"4714\" data-end=\"5218\">Durch die Nutzung dieser Website erkl\u00e4rt sich der Benutzer ausdr\u00fccklich mit der Verarbeitung der gesammelten Informationen in der oben beschriebenen Weise und zu den genannten Zwecken einverstanden. Der Benutzer erkennt au\u00dferdem an, dass er die M\u00f6glichkeit hat, diese Datenverarbeitung abzulehnen, indem er die entsprechende Einstellung in seinem Browser w\u00e4hlt, um die Verwendung von Cookies zu blockieren. Das Blockieren von Cookies kann jedoch die volle Nutzung aller Funktionen der Website verhindern.<\/p>\n<p data-start=\"5220\" data-end=\"5357\">Sie k\u00f6nnen Cookies in Ihrem Browser zulassen, blockieren oder l\u00f6schen, indem Sie die Einstellungen Ihres installierten Browsers anpassen:<\/p>\n<p data-start=\"5359\" data-end=\"5399\"><strong data-start=\"5359\" data-end=\"5399\">Chrome \u2013 Explorer \u2013 Firefox \u2013 Safari<\/strong><\/p>\n<p data-start=\"5401\" data-end=\"5506\">Bei Fragen zu dieser Cookie-Richtlinie k\u00f6nnen Sie Urbincasa.com unter\u00a0<a class=\"cursor-pointer\" rel=\"noopener\" data-start=\"5471\" data-end=\"5492\">calidad@urbincasa.com<\/a>\u00a0kontaktieren.<\/p>\n","protected":false},"excerpt":{"rendered":"<p>Ein Cookie ist eine Datei, die auf Ihren Computer heruntergeladen wird, wenn Sie bestimmte Webseiten besuchen. Cookies erm\u00f6glichen es einer Website unter anderem, Informationen \u00fcber das Surfverhalten eines Benutzers oder seines Ger\u00e4ts zu speichern und abzurufen. Je nach den enthaltenen Informationen und der Art der Nutzung k\u00f6nnen sie verwendet werden, um den Benutzer wiederzuerkennen. Der [&hellip;]<\/p>\n","protected":false},"author":2,"featured_media":0,"parent":0,"menu_order":0,"comment_status":"closed","ping_status":"closed","template":"","meta":{"footnotes":""},"class_list":["post-1056","page","type-page","status-publish","hentry"],"_links":{"self":[{"href":"https:\/\/seagardens.urbincasa.es\/de\/wp-json\/wp\/v2\/pages\/1056","targetHints":{"allow":["GET"]}}],"collection":[{"href":"https:\/\/seagardens.urbincasa.es\/de\/wp-json\/wp\/v2\/pages"}],"about":[{"href":"https:\/\/seagardens.urbincasa.es\/de\/wp-json\/wp\/v2\/types\/page"}],"author":[{"embeddable":true,"href":"https:\/\/seagardens.urbincasa.es\/de\/wp-json\/wp\/v2\/users\/2"}],"replies":[{"embeddable":true,"href":"https:\/\/seagardens.urbincasa.es\/de\/wp-json\/wp\/v2\/comments?post=1056"}],"version-history":[{"count":0,"href":"https:\/\/seagardens.urbincasa.es\/de\/wp-json\/wp\/v2\/pages\/1056\/revisions"}],"wp:attachment":[{"href":"https:\/\/seagardens.urbincasa.es\/de\/wp-json\/wp\/v2\/media?parent=1056"}],"curies":[{"name":"wp","href":"https:\/\/api.w.org\/{rel}","templated":true}]}}