{"id":1053,"date":"2026-02-09T13:16:31","date_gmt":"2026-02-09T12:16:31","guid":{"rendered":"https:\/\/seagardens.urbincasa.es\/privacybeleid\/"},"modified":"2026-02-09T13:16:31","modified_gmt":"2026-02-09T12:16:31","slug":"privacybeleid","status":"publish","type":"page","link":"https:\/\/seagardens.urbincasa.es\/nl\/privacybeleid\/","title":{"rendered":"Privacybeleid"},"content":{"rendered":"<p data-start=\"174\" data-end=\"210\"><strong data-start=\"174\" data-end=\"210\">BESCHERMING VAN PERSOONSGEGEVENS<\/strong><\/p>\n<p data-start=\"212\" data-end=\"225\">\u2013\u00a0<strong data-start=\"214\" data-end=\"225\">Cookies<\/strong><\/p>\n<p data-start=\"227\" data-end=\"468\">Deze website maakt gebruik van \u201ccookies\u201d (kleine informatiebestanden die door de server naar de computer van de bezoeker worden gestuurd) uitsluitend voor zover noodzakelijk voor de correcte werking en weergave van de site door de gebruiker.<\/p>\n<p data-start=\"470\" data-end=\"679\">De cookies die op deze website worden gebruikt, zijn altijd tijdelijk en verdwijnen zodra de sessie van de gebruiker eindigt. Cookies worden onder geen beding gebruikt om persoonlijke informatie te verzamelen.<\/p>\n<p data-start=\"681\" data-end=\"703\">\u2013\u00a0<strong data-start=\"683\" data-end=\"703\">Persoonsgegevens<\/strong><\/p>\n<p data-start=\"705\" data-end=\"996\">URBINCASA heeft de technische en organisatorische maatregelen getroffen, evenals de wettelijk vereiste beveiligingsniveaus, in overeenstemming met Verordening (EU) 2016\/679 van het Europees Parlement en de Raad van 27 april 2016 betreffende de algemene verordening gegevensbescherming (AVG).<\/p>\n<p data-start=\"998\" data-end=\"1405\"><strong data-start=\"998\" data-end=\"1038\">Informatie over gegevensbescherming:<\/strong><br data-start=\"1038\" data-end=\"1041\" \/><strong data-start=\"1041\" data-end=\"1074\">Verwerkingsverantwoordelijke:<\/strong>\u00a0Uw persoonsgegevens worden verwerkt door Urbanizadora e Inmobiliaria Cartagenera, S.A. (URBINCASA), gevestigd aan Calle Juan Fern\u00e1ndez, 61, Bajo, Cartagena, 30204, Spanje. Telefoon: +34 968 510 380. E-mail:\u00a0<a class=\"cursor-pointer\" rel=\"noopener\" data-start=\"1282\" data-end=\"1305\">privacidad@urbincasa.es<\/a>. U kunt ook contact opnemen met de functionaris voor gegevensbescherming via:\u00a0<a class=\"cursor-pointer\" rel=\"noopener\" data-start=\"1384\" data-end=\"1404\">dpo@ayalaabogados.es<\/a>.<\/p>\n<p data-start=\"1407\" data-end=\"1835\"><strong data-start=\"1407\" data-end=\"1442\">Doel van de gegevensverwerking:<\/strong>\u00a0Uw persoonsgegevens worden verwerkt om u informatie te sturen over onze producten en diensten, om u uit te nodigen voor tevredenheidsenqu\u00eates, om u uit te nodigen voor mogelijke evenementen georganiseerd door het bedrijf en\/of op basis van een contractuele relatie. De rechtsgrond voor de verwerking is uw uitdrukkelijke toestemming, gegeven door het aanvinken van JA in het betreffende veld.<\/p>\n<p data-start=\"1837\" data-end=\"1868\"><strong data-start=\"1837\" data-end=\"1868\">Ontvangers van de gegevens:<\/strong><\/p>\n<p data-start=\"1870\" data-end=\"2318\">Uw gegevens kunnen in onze naam worden verwerkt door betrouwbare derde dienstverleners. Wij sluiten met deze partijen overeenkomsten voor specifieke diensten en verstrekken alleen de gegevens die strikt noodzakelijk zijn. Deze partijen zijn contractueel verplicht uw gegevens niet voor andere doeleinden te gebruiken. Bovendien ondertekenen zij met ons een verwerkersovereenkomst met inachtneming van de essenti\u00eble eisen inzake gegevensbescherming.<\/p>\n<p data-start=\"2320\" data-end=\"2783\">Uw persoonsgegevens kunnen ook worden verstrekt indien dit wettelijk verplicht is of noodzakelijk is op grond van een contractuele relatie, bijvoorbeeld aan overheidsinstanties, financi\u00eble instellingen, verzekeringsmaatschappijen (voor het beheer van garanties of hypotheken), vastgoedbeheerders, notarissen, nutsbedrijven of andere betrokken partijen die nodig zijn voor de levering van het onroerend goed na ontvangst van de vergunning tot eerste ingebruikname.<\/p>\n<p data-start=\"2785\" data-end=\"2943\"><strong data-start=\"2785\" data-end=\"2819\">Bewaartermijn van de gegevens:<\/strong><br data-start=\"2819\" data-end=\"2822\" \/>De gegevens worden bewaard zolang als nodig is om de registratie en acties uit te voeren waarvoor toestemming is gegeven.<\/p>\n<p data-start=\"2945\" data-end=\"3631\"><strong data-start=\"2945\" data-end=\"2973\">Uitoefening van rechten:<\/strong><br data-start=\"2973\" data-end=\"2976\" \/>U kunt uw toestemming te allen tijde intrekken. U heeft het recht op inzage, rectificatie, verwijdering, beperking van de verwerking, bezwaar en gegevensoverdraagbaarheid (indien wettelijk van toepassing). U kunt deze rechten uitoefenen door een verzoek te sturen naar Calle Juan Fern\u00e1ndez, 61, Bajo, Cartagena, 30204 of per e-mail naar\u00a0<a class=\"cursor-pointer\" rel=\"noopener\" data-start=\"3313\" data-end=\"3336\">privacidad@urbincasa.es<\/a>, met vermelding van het recht dat u wilt uitoefenen en met bewijs van uw identiteit. U wordt tevens ge\u00efnformeerd over uw recht om een klacht in te dienen bij het Spaanse agentschap voor gegevensbescherming (Agencia Espa\u00f1ola de Protecci\u00f3n de Datos), C\/ Jorge Juan, 6, 28001 Madrid (<a class=\"\" href=\"http:\/\/www.agpd.es\/\" target=\"_new\" rel=\"noopener\" data-start=\"3618\" data-end=\"3629\">www.agpd.es<\/a>).<\/p>\n<p data-start=\"3633\" data-end=\"3721\">\u2013\u00a0<strong data-start=\"3635\" data-end=\"3721\">Wet op de diensten van de informatiemaatschappij en de elektronische handel (LSSI)<\/strong><\/p>\n<p data-start=\"3723\" data-end=\"3985\">De eigenaar van deze website stelt de volgende gegevens ter beschikking aan bezoekers, zoals vereist door Wet 34\/2002 van 11 juli inzake diensten van de informatiemaatschappij en elektronische handel (LSSI-CE), zowel voor gebruikers als voor bevoegde instanties:<\/p>\n<p data-start=\"3987\" data-end=\"4132\"><strong data-start=\"3987\" data-end=\"4036\">Urbanizadora e Inmobiliaria Cartagenera, S.A.<\/strong><br data-start=\"4036\" data-end=\"4039\" \/>CIF: A30603716<br data-start=\"4053\" data-end=\"4056\" \/>Calle Juan Fern\u00e1ndez, 61 (Cartagena)<br data-start=\"4092\" data-end=\"4095\" \/>E-mail:\u00a0<a class=\"cursor-pointer\" rel=\"noopener\" data-start=\"4103\" data-end=\"4132\">atencion.cliente@urbincasa.es<\/a><\/p>\n<p data-start=\"4134\" data-end=\"4325\">De economische activiteit van URBINCASA, S.A. via het portaal\u00a0<a class=\"\" href=\"http:\/\/www.urbincasa.es\/\" target=\"_new\" rel=\"noopener\" data-start=\"4196\" data-end=\"4220\">http:\/\/www.urbincasa.es\/<\/a>\u00a0is niet onderworpen aan voorafgaande administratieve goedkeuring en betreft geen gereglementeerd beroep.<\/p>\n","protected":false},"excerpt":{"rendered":"<p>BESCHERMING VAN PERSOONSGEGEVENS \u2013\u00a0Cookies Deze website maakt gebruik van \u201ccookies\u201d (kleine informatiebestanden die door de server naar de computer van de bezoeker worden gestuurd) uitsluitend voor zover noodzakelijk voor de correcte werking en weergave van de site door de gebruiker. De cookies die op deze website worden gebruikt, zijn altijd tijdelijk en verdwijnen zodra de [&hellip;]<\/p>\n","protected":false},"author":2,"featured_media":0,"parent":0,"menu_order":0,"comment_status":"closed","ping_status":"closed","template":"","meta":{"footnotes":""},"class_list":["post-1053","page","type-page","status-publish","hentry"],"_links":{"self":[{"href":"https:\/\/seagardens.urbincasa.es\/nl\/wp-json\/wp\/v2\/pages\/1053","targetHints":{"allow":["GET"]}}],"collection":[{"href":"https:\/\/seagardens.urbincasa.es\/nl\/wp-json\/wp\/v2\/pages"}],"about":[{"href":"https:\/\/seagardens.urbincasa.es\/nl\/wp-json\/wp\/v2\/types\/page"}],"author":[{"embeddable":true,"href":"https:\/\/seagardens.urbincasa.es\/nl\/wp-json\/wp\/v2\/users\/2"}],"replies":[{"embeddable":true,"href":"https:\/\/seagardens.urbincasa.es\/nl\/wp-json\/wp\/v2\/comments?post=1053"}],"version-history":[{"count":0,"href":"https:\/\/seagardens.urbincasa.es\/nl\/wp-json\/wp\/v2\/pages\/1053\/revisions"}],"wp:attachment":[{"href":"https:\/\/seagardens.urbincasa.es\/nl\/wp-json\/wp\/v2\/media?parent=1053"}],"curies":[{"name":"wp","href":"https:\/\/api.w.org\/{rel}","templated":true}]}}