{"id":1058,"date":"2026-02-09T13:15:52","date_gmt":"2026-02-09T12:15:52","guid":{"rendered":"https:\/\/seagardens.urbincasa.es\/informacja-prawna\/"},"modified":"2026-02-09T13:15:52","modified_gmt":"2026-02-09T12:15:52","slug":"informacja-prawna","status":"publish","type":"page","link":"https:\/\/seagardens.urbincasa.es\/pl\/informacja-prawna\/","title":{"rendered":"Informacja prawna"},"content":{"rendered":"<p data-start=\"138\" data-end=\"370\">Informacje zamieszczone na tej stronie internetowej (infografiki i plany) maj\u0105 charakter wy\u0142\u0105cznie orientacyjny i nie stanowi\u0105 oferty wi\u0105\u017c\u0105cej. Ich tre\u015b\u0107 mo\u017ce zosta\u0107 zmieniona bez uprzedzenia, je\u015bli zajdzie taka potrzeba techniczna.<\/p>\n<p data-start=\"372\" data-end=\"398\"><strong data-start=\"372\" data-end=\"398\">W\u0141ASNO\u015a\u0106 INTELEKTUALNA<\/strong><\/p>\n<p data-start=\"400\" data-end=\"900\">Kod \u017ar\u00f3d\u0142owy, projekty graficzne, obrazy, zdj\u0119cia, d\u017awi\u0119ki, animacje, oprogramowanie, teksty oraz wszelkie informacje i tre\u015bci zawarte na stronie\u00a0<a class=\"\" href=\"http:\/\/www.urbincasa.es\/\" target=\"_new\" rel=\"noopener\" data-start=\"546\" data-end=\"570\">http:\/\/www.urbincasa.es\/<\/a>\u00a0s\u0105 chronione hiszpa\u0144skim prawem autorskim i prawem w\u0142asno\u015bci przemys\u0142owej na rzecz URBINCASA. Zabrania si\u0119 cz\u0119\u015bciowego lub ca\u0142kowitego powielania tej strony internetowej, jej przetwarzania komputerowego, dystrybucji, publikacji, modyfikacji, przekszta\u0142cania lub dekompilacji bez uprzedniej pisemnej zgody w\u0142a\u015bciciela \u2013 URBINCASA.<\/p>\n<p data-start=\"902\" data-end=\"1187\">U\u017cytkownik mo\u017ce korzysta\u0107 z materia\u0142\u00f3w zamieszczonych na portalu wy\u0142\u0105cznie do u\u017cytku osobistego i prywatnego. Zabrania si\u0119 ich wykorzystywania do cel\u00f3w komercyjnych lub niezgodnych z prawem. Wszystkie prawa wynikaj\u0105ce z w\u0142asno\u015bci intelektualnej s\u0105 wyra\u017anie zastrze\u017cone przez URBINCASA.<\/p>\n<p data-start=\"1189\" data-end=\"1440\">URBINCASA b\u0119dzie egzekwowa\u0107 przestrzeganie powy\u017cszych warunk\u00f3w oraz w\u0142a\u015bciwe wykorzystanie tre\u015bci zamieszczonych na portalu, podejmuj\u0105c odpowiednie kroki prawne \u2013 cywilne i karne \u2013 w przypadku naruszenia lub niedotrzymania tych praw przez u\u017cytkownika.<\/p>\n<p data-start=\"1442\" data-end=\"1451\"><strong data-start=\"1442\" data-end=\"1451\">R\u00d3\u017bNE<\/strong><\/p>\n<p data-start=\"1453\" data-end=\"2014\">URBINCASA nie ponosi odpowiedzialno\u015bci za szkody lub straty, kt\u00f3re mog\u0105 powsta\u0107, ani za jakiekolwiek usterki techniczne, niezale\u017cnie od ich rodzaju, wynikaj\u0105ce z korzystania z informacji i materia\u0142\u00f3w zawartych na portalu. Linki i hiper\u0142\u0105cza umo\u017cliwiaj\u0105ce u\u017cytkownikowi dost\u0119p do us\u0142ug oferowanych przez osoby trzecie za po\u015brednictwem portalu\u00a0<a class=\"\" href=\"http:\/\/www.urbincasa.es\/\" target=\"_new\" rel=\"noopener\" data-start=\"1795\" data-end=\"1819\">http:\/\/www.urbincasa.es\/<\/a>\u00a0nie nale\u017c\u0105 do URBINCASA ani nie znajduj\u0105 si\u0119 pod jej kontrol\u0105; dlatego URBINCASA nie ponosi odpowiedzialno\u015bci za zawarte tam informacje ani za jakiekolwiek skutki wynikaj\u0105ce z ich wykorzystania.<\/p>\n<p data-start=\"2016\" data-end=\"2229\">URBINCASA nie ponosi odpowiedzialno\u015bci za naruszenie przez u\u017cytkownika jakichkolwiek obowi\u0105zuj\u0105cych przepis\u00f3w prawa podczas dost\u0119pu do portalu\u00a0<a class=\"\" href=\"http:\/\/www.urbincasa.es\/\" target=\"_new\" rel=\"noopener\" data-start=\"2159\" data-end=\"2183\">http:\/\/www.urbincasa.es\/<\/a>\u00a0i\/lub korzystania z zawartych tam informacji.<\/p>\n<p data-start=\"2231\" data-end=\"2403\">URBINCASA zastrzega sobie prawo do zmiany, bez uprzedniego powiadomienia, informacji zawartych na portalu\u00a0<a class=\"\" href=\"http:\/\/www.urbincasa.es\/\" target=\"_new\" rel=\"noopener\" data-start=\"2337\" data-end=\"2361\">http:\/\/www.urbincasa.es\/<\/a>, a tak\u017ce jego konfiguracji i prezentacji.<\/p>\n<p data-start=\"2405\" data-end=\"2823\">URBINCASA nie ponosi odpowiedzialno\u015bci za nielegalne wykorzystanie nazw marek, nazw produkt\u00f3w lub znak\u00f3w towarowych, kt\u00f3re mog\u0105 si\u0119 pojawi\u0107 na stronie\u00a0<a class=\"\" href=\"http:\/\/www.urbincasa.es\/\" target=\"_new\" rel=\"noopener\" data-start=\"2556\" data-end=\"2580\">http:\/\/www.urbincasa.es\/<\/a>, a kt\u00f3re nie s\u0105 jej w\u0142asno\u015bci\u0105. Nie ponosi r\u00f3wnie\u017c odpowiedzialno\u015bci za integralno\u015b\u0107, prawdziwo\u015b\u0107 ani legalno\u015b\u0107 tre\u015bci stron internetowych, do kt\u00f3rych mo\u017cna uzyska\u0107 dost\u0119p za pomoc\u0105 link\u00f3w znajduj\u0105cych si\u0119 na stronie\u00a0<a class=\"\" href=\"http:\/\/www.urbincasa.es\/\" target=\"_new\" rel=\"noopener\" data-start=\"2798\" data-end=\"2822\">http:\/\/www.urbincasa.es\/<\/a>.<\/p>\n<p data-start=\"2825\" data-end=\"3078\">URBINCASA nie ponosi odpowiedzialno\u015bci za \u017cadne wirusy komputerowe, kt\u00f3re mog\u0142yby si\u0119 pojawi\u0107 wskutek transmisji telematycznej dokonanej przez osoby trzecie, niezale\u017cnie od tego, czy ich celem by\u0142o wyrz\u0105dzenie szk\u00f3d w systemie komputerowym, czy te\u017c nie.<\/p>\n<p data-start=\"3080\" data-end=\"3229\">U\u017cytkownik ponosi wy\u0142\u0105czn\u0105 odpowiedzialno\u015b\u0107 za spos\u00f3b korzystania z us\u0142ug, tre\u015bci, link\u00f3w i hiper\u0142\u0105czy zawartych na portalu\u00a0<a class=\"\" href=\"http:\/\/www.urbincasa.es\/\" target=\"_new\" rel=\"noopener\" data-start=\"3204\" data-end=\"3228\">http:\/\/www.urbincasa.es\/<\/a>.<\/p>\n","protected":false},"excerpt":{"rendered":"<p>Informacje zamieszczone na tej stronie internetowej (infografiki i plany) maj\u0105 charakter wy\u0142\u0105cznie orientacyjny i nie stanowi\u0105 oferty wi\u0105\u017c\u0105cej. Ich tre\u015b\u0107 mo\u017ce zosta\u0107 zmieniona bez uprzedzenia, je\u015bli zajdzie taka potrzeba techniczna. W\u0141ASNO\u015a\u0106 INTELEKTUALNA Kod \u017ar\u00f3d\u0142owy, projekty graficzne, obrazy, zdj\u0119cia, d\u017awi\u0119ki, animacje, oprogramowanie, teksty oraz wszelkie informacje i tre\u015bci zawarte na stronie\u00a0http:\/\/www.urbincasa.es\/\u00a0s\u0105 chronione hiszpa\u0144skim prawem autorskim i [&hellip;]<\/p>\n","protected":false},"author":2,"featured_media":0,"parent":0,"menu_order":0,"comment_status":"closed","ping_status":"closed","template":"","meta":{"footnotes":""},"class_list":["post-1058","page","type-page","status-publish","hentry"],"_links":{"self":[{"href":"https:\/\/seagardens.urbincasa.es\/pl\/wp-json\/wp\/v2\/pages\/1058","targetHints":{"allow":["GET"]}}],"collection":[{"href":"https:\/\/seagardens.urbincasa.es\/pl\/wp-json\/wp\/v2\/pages"}],"about":[{"href":"https:\/\/seagardens.urbincasa.es\/pl\/wp-json\/wp\/v2\/types\/page"}],"author":[{"embeddable":true,"href":"https:\/\/seagardens.urbincasa.es\/pl\/wp-json\/wp\/v2\/users\/2"}],"replies":[{"embeddable":true,"href":"https:\/\/seagardens.urbincasa.es\/pl\/wp-json\/wp\/v2\/comments?post=1058"}],"version-history":[{"count":0,"href":"https:\/\/seagardens.urbincasa.es\/pl\/wp-json\/wp\/v2\/pages\/1058\/revisions"}],"wp:attachment":[{"href":"https:\/\/seagardens.urbincasa.es\/pl\/wp-json\/wp\/v2\/media?parent=1058"}],"curies":[{"name":"wp","href":"https:\/\/api.w.org\/{rel}","templated":true}]}}