{"id":1060,"date":"2026-02-09T13:17:04","date_gmt":"2026-02-09T12:17:04","guid":{"rendered":"https:\/\/seagardens.urbincasa.es\/polityka-plikow-cookies\/"},"modified":"2026-02-09T13:17:04","modified_gmt":"2026-02-09T12:17:04","slug":"polityka-plikow-cookies","status":"publish","type":"page","link":"https:\/\/seagardens.urbincasa.es\/pl\/polityka-plikow-cookies\/","title":{"rendered":"Polityka plik\u00f3w cookies"},"content":{"rendered":"<p data-start=\"162\" data-end=\"885\">Plik cookie to plik, kt\u00f3ry pobierany jest na Tw\u00f3j komputer podczas odwiedzania niekt\u00f3rych stron internetowych. Pliki cookie umo\u017cliwiaj\u0105 stronie internetowej mi\u0119dzy innymi przechowywanie i pobieranie informacji o nawykach przegl\u0105dania u\u017cytkownika lub jego urz\u0105dzenia i, w zale\u017cno\u015bci od zawartych informacji oraz sposobu korzystania z urz\u0105dzenia, mog\u0105 s\u0142u\u017cy\u0107 do rozpoznania u\u017cytkownika. Przegl\u0105darka u\u017cytkownika zapisuje pliki cookie na dysku twardym wy\u0142\u0105cznie podczas bie\u017c\u0105cej sesji, zajmuj\u0105c minimaln\u0105 ilo\u015b\u0107 pami\u0119ci i nie powoduj\u0105c szk\u00f3d w komputerze. Pliki cookie nie zawieraj\u0105 \u017cadnych konkretnych danych osobowych, a wi\u0119kszo\u015b\u0107 z nich jest usuwana z dysku twardego po zako\u0144czeniu sesji przegl\u0105darki (tzw. cookies sesyjne).<\/p>\n<p data-start=\"887\" data-end=\"1070\">Wi\u0119kszo\u015b\u0107 przegl\u0105darek domy\u015blnie akceptuje pliki cookie, a niezale\u017cnie od tego umo\u017cliwiaj\u0105 one w ustawieniach bezpiecze\u0144stwa zezwolenie lub blokowanie cookies tymczasowych i trwa\u0142ych.<\/p>\n<p data-start=\"1072\" data-end=\"1261\">Bez Twojej wyra\u017anej zgody \u2013 poprzez aktywacj\u0119 cookies w przegl\u0105darce \u2013 Urbincasa.com nie po\u0142\u0105czy danych zapisanych w cookies z Twoimi danymi osobowymi podanymi przy rejestracji lub zakupie.<\/p>\n<p data-start=\"1263\" data-end=\"1319\"><strong data-start=\"1263\" data-end=\"1319\">Jakie typy plik\u00f3w cookies s\u0105 u\u017cywane na tej stronie?<\/strong><\/p>\n<p data-start=\"1321\" data-end=\"1820\">\u2013\u00a0<strong data-start=\"1323\" data-end=\"1346\">Cookies techniczne:<\/strong><br data-start=\"1346\" data-end=\"1349\" \/>Umo\u017cliwiaj\u0105 u\u017cytkownikowi poruszanie si\u0119 po stronie internetowej, platformie lub aplikacji oraz korzystanie z r\u00f3\u017cnych opcji lub us\u0142ug, takich jak: kontrola ruchu i komunikacji danych, identyfikacja sesji, dost\u0119p do obszar\u00f3w chronionych, zapami\u0119tywanie element\u00f3w koszyka, realizacja zam\u00f3wienia, rejestracja lub udzia\u0142 w wydarzeniach, korzystanie z zabezpiecze\u0144 podczas nawigacji, przechowywanie tre\u015bci multimedialnych lub udost\u0119pnianie tre\u015bci w sieciach spo\u0142eczno\u015bciowych.<\/p>\n<p data-start=\"1822\" data-end=\"2054\">\u2013\u00a0<strong data-start=\"1824\" data-end=\"1852\">Cookies personalizuj\u0105ce:<\/strong><br data-start=\"1852\" data-end=\"1855\" \/>Pozwalaj\u0105 u\u017cytkownikowi uzyska\u0107 dost\u0119p do us\u0142ugi z pewnymi wcze\u015bniej zdefiniowanymi cechami og\u00f3lnymi, w zale\u017cno\u015bci od takich kryteri\u00f3w jak j\u0119zyk, typ przegl\u0105darki czy lokalna konfiguracja regionalna.<\/p>\n<p data-start=\"2056\" data-end=\"2358\">\u2013\u00a0<strong data-start=\"2058\" data-end=\"2082\">Cookies analityczne:<\/strong><br data-start=\"2082\" data-end=\"2085\" \/>S\u0105 to pliki cookie, kt\u00f3re \u2013 przetwarzane przez nas lub podmioty trzecie \u2013 pozwalaj\u0105 nam liczy\u0107 liczb\u0119 u\u017cytkownik\u00f3w oraz prowadzi\u0107 statystyczn\u0105 analiz\u0119 korzystania z oferowanych us\u0142ug. Analizujemy spos\u00f3b przegl\u0105dania naszej strony w celu ulepszenia oferty produkt\u00f3w i us\u0142ug.<\/p>\n<p data-start=\"2360\" data-end=\"2391\"><strong data-start=\"2360\" data-end=\"2391\">Pliki cookie stron trzecich<\/strong><\/p>\n<p data-start=\"2393\" data-end=\"2666\">Strona Urbincasa.com mo\u017ce korzysta\u0107 z us\u0142ug podmiot\u00f3w trzecich, kt\u00f3re w imieniu Urbincasa.com zbieraj\u0105 dane w celach statystycznych, analizy korzystania ze strony przez u\u017cytkownik\u00f3w oraz \u015bwiadczenia innych us\u0142ug zwi\u0105zanych z dzia\u0142alno\u015bci\u0105 strony i korzystaniem z Internetu.<\/p>\n<p data-start=\"2668\" data-end=\"2709\"><strong data-start=\"2668\" data-end=\"2709\">Cookies techniczne i personalizuj\u0105ce:<\/strong><\/p>\n<p data-start=\"2711\" data-end=\"3022\"><strong data-start=\"2711\" data-end=\"2723\">AddThis:<\/strong><br data-start=\"2723\" data-end=\"2726\" \/>Us\u0142uga umo\u017cliwiaj\u0105ca udost\u0119pnianie tre\u015bci ze strony Urbincasa.com w sieciach spo\u0142eczno\u015bciowych poprzez przyciski ikon. Wykorzystuje cookies techniczne do dzia\u0142ania i cookies personalizuj\u0105ce do zapami\u0119tywania ustawie\u0144 u\u017cytkownika.<br data-start=\"2955\" data-end=\"2958\" \/><a class=\"\" href=\"http:\/\/www.addthis.com\/privacy\" target=\"_new\" rel=\"noopener\" data-start=\"2958\" data-end=\"3022\">http:\/\/www.addthis.com\/privacy<\/a><\/p>\n<p data-start=\"3024\" data-end=\"3307\"><strong data-start=\"3024\" data-end=\"3034\">Olark:<\/strong><br data-start=\"3034\" data-end=\"3037\" \/>Czat online umo\u017cliwiaj\u0105cy u\u017cytkownikowi zadawanie pyta\u0144 bezpo\u015brednio ze strony internetowej. U\u017cywa cookies technicznych do dzia\u0142ania oraz cookies personalizuj\u0105cych do zapami\u0119tywania ustawie\u0144 u\u017cytkownika.<br data-start=\"3240\" data-end=\"3243\" \/><a class=\"\" href=\"http:\/\/www.olark.com\/pages\/tos\" target=\"_new\" rel=\"noopener\" data-start=\"3243\" data-end=\"3307\">http:\/\/www.olark.com\/pages\/tos<\/a><\/p>\n<p data-start=\"3309\" data-end=\"3571\"><strong data-start=\"3309\" data-end=\"3322\">Facebook:<\/strong><br data-start=\"3322\" data-end=\"3325\" \/>Urbincasa.com korzysta z r\u00f3\u017cnych us\u0142ug Facebooka, takich jak \u201elike box\u201d, \u201elike button\u201d i system komentarzy, kt\u00f3re u\u017cywaj\u0105 cookies technicznych i personalizuj\u0105cych.<br data-start=\"3488\" data-end=\"3491\" \/><a class=\"\" href=\"http:\/\/es-es.facebook.com\/help\/cookies\" target=\"_new\" rel=\"noopener\" data-start=\"3491\" data-end=\"3571\">http:\/\/es-es.facebook.com\/help\/cookies<\/a><\/p>\n<p data-start=\"3573\" data-end=\"3839\"><strong data-start=\"3573\" data-end=\"3585\">YouTube:<\/strong><br data-start=\"3585\" data-end=\"3588\" \/>Urbincasa.com prezentuje na stronie filmy z YouTube, kt\u00f3re u\u017cywaj\u0105 cookies technicznych i personalizuj\u0105cych do prawid\u0142owego dzia\u0142ania.<br data-start=\"3722\" data-end=\"3725\" \/><a class=\"cursor-pointer\" target=\"_new\" rel=\"noopener\" data-start=\"3725\" data-end=\"3839\">https:\/\/support.google.com\/youtube\/answer\/2407785?hl=pl<\/a><\/p>\n<p data-start=\"3841\" data-end=\"3864\"><strong data-start=\"3841\" data-end=\"3864\">Cookies analityczne<\/strong><\/p>\n<p data-start=\"3866\" data-end=\"4381\">Strona korzysta z Google Analytics \u2013 us\u0142ugi analityki internetowej \u015bwiadczonej przez Google Inc., z siedzib\u0105 w USA przy 1600 Amphitheatre Parkway, Mountain View, California 94043. W ramach tej us\u0142ugi u\u017cywane s\u0105 cookies zbieraj\u0105ce informacje, w tym adres IP u\u017cytkownika, kt\u00f3re s\u0105 przetwarzane i przechowywane przez Google zgodnie z zasadami opisanymi na stronie Google.com. Informacje te mog\u0105 by\u0107 tak\u017ce przekazywane stronom trzecim, je\u015bli wymaga tego prawo lub je\u015bli podmioty te przetwarzaj\u0105 dane na zlecenie Google.<\/p>\n<p data-start=\"4383\" data-end=\"4737\">U\u017cytkownik, korzystaj\u0105c ze strony, wyra\u017ca zgod\u0119 na przetwarzanie zebranych danych w spos\u00f3b i w celach opisanych powy\u017cej. U\u017cytkownik jest r\u00f3wnie\u017c \u015bwiadomy, \u017ce ma mo\u017cliwo\u015b\u0107 odmowy przetwarzania danych poprzez odpowiedni\u0105 konfiguracj\u0119 przegl\u0105darki w celu zablokowania plik\u00f3w cookie. Nale\u017cy jednak pami\u0119ta\u0107, \u017ce mo\u017ce to wp\u0142yn\u0105\u0107 na pe\u0142n\u0105 funkcjonalno\u015b\u0107 strony.<\/p>\n<p data-start=\"4739\" data-end=\"4876\">Mo\u017cna zezwoli\u0107, zablokowa\u0107 lub usun\u0105\u0107 pliki cookies zainstalowane na komputerze poprzez odpowiednie ustawienia przegl\u0105darki internetowej:<\/p>\n<p data-start=\"4878\" data-end=\"4918\"><strong data-start=\"4878\" data-end=\"4918\">Chrome \u2013 Explorer \u2013 Firefox \u2013 Safari<\/strong><\/p>\n<p data-start=\"4920\" data-end=\"5038\">W razie pyta\u0144 dotycz\u0105cych polityki plik\u00f3w cookie, prosimy o kontakt z Urbincasa.com pod adresem:\u00a0<a class=\"cursor-pointer\" rel=\"noopener\" data-start=\"5017\" data-end=\"5038\">calidad@urbincasa.com<\/a><\/p>\n","protected":false},"excerpt":{"rendered":"<p>Plik cookie to plik, kt\u00f3ry pobierany jest na Tw\u00f3j komputer podczas odwiedzania niekt\u00f3rych stron internetowych. Pliki cookie umo\u017cliwiaj\u0105 stronie internetowej mi\u0119dzy innymi przechowywanie i pobieranie informacji o nawykach przegl\u0105dania u\u017cytkownika lub jego urz\u0105dzenia i, w zale\u017cno\u015bci od zawartych informacji oraz sposobu korzystania z urz\u0105dzenia, mog\u0105 s\u0142u\u017cy\u0107 do rozpoznania u\u017cytkownika. Przegl\u0105darka u\u017cytkownika zapisuje pliki cookie na [&hellip;]<\/p>\n","protected":false},"author":2,"featured_media":0,"parent":0,"menu_order":0,"comment_status":"closed","ping_status":"closed","template":"","meta":{"footnotes":""},"class_list":["post-1060","page","type-page","status-publish","hentry"],"_links":{"self":[{"href":"https:\/\/seagardens.urbincasa.es\/pl\/wp-json\/wp\/v2\/pages\/1060","targetHints":{"allow":["GET"]}}],"collection":[{"href":"https:\/\/seagardens.urbincasa.es\/pl\/wp-json\/wp\/v2\/pages"}],"about":[{"href":"https:\/\/seagardens.urbincasa.es\/pl\/wp-json\/wp\/v2\/types\/page"}],"author":[{"embeddable":true,"href":"https:\/\/seagardens.urbincasa.es\/pl\/wp-json\/wp\/v2\/users\/2"}],"replies":[{"embeddable":true,"href":"https:\/\/seagardens.urbincasa.es\/pl\/wp-json\/wp\/v2\/comments?post=1060"}],"version-history":[{"count":0,"href":"https:\/\/seagardens.urbincasa.es\/pl\/wp-json\/wp\/v2\/pages\/1060\/revisions"}],"wp:attachment":[{"href":"https:\/\/seagardens.urbincasa.es\/pl\/wp-json\/wp\/v2\/media?parent=1060"}],"curies":[{"name":"wp","href":"https:\/\/api.w.org\/{rel}","templated":true}]}}